{"id":193,"date":"2019-05-17T04:23:55","date_gmt":"2019-05-17T04:23:55","guid":{"rendered":"https:\/\/madereralodepablo.com.ar\/?page_id=193"},"modified":"2025-09-02T17:55:59","modified_gmt":"2025-09-02T20:55:59","slug":"contactenos","status":"publish","type":"page","link":"https:\/\/madereralodepablo.com.ar\/index.php\/contactenos\/","title":{"rendered":"Contactenos"},"content":{"rendered":"\t\t<div data-elementor-type=\"wp-post\" data-elementor-id=\"193\" class=\"elementor elementor-193\">\n\t\t\t\t\t\t<section class=\"elementor-section elementor-top-section elementor-element elementor-element-77df163 elementor-section-full_width elementor-section-height-full elementor-section-content-middle elementor-section-stretched elementor-section-height-default elementor-section-items-middle\" data-id=\"77df163\" data-element_type=\"section\" data-settings=\"{&quot;stretch_section&quot;:&quot;section-stretched&quot;}\">\n\t\t\t\t\t\t<div class=\"elementor-container elementor-column-gap-no\">\n\t\t\t\t\t<div class=\"elementor-column elementor-col-100 elementor-top-column elementor-element elementor-element-7ccf53a\" data-id=\"7ccf53a\" data-element_type=\"column\">\n\t\t\t<div class=\"elementor-widget-wrap elementor-element-populated\">\n\t\t\t\t\t\t<div class=\"elementor-element elementor-element-ed32b7c elementor-widget elementor-widget-shortcode\" data-id=\"ed32b7c\" data-element_type=\"widget\" data-widget_type=\"shortcode.default\">\n\t\t\t\t\t\t\t<div class=\"elementor-shortcode\">\n\t\t\t\t<p class=\"rs-p-wp-fix\"><\/p>\n\t\t\t\t<sr7-module data-alias=\"home-1\" data-id=\"1\" id=\"SR7_1_1\" class=\"rs-ov-hidden\" data-version=\"6.7.28\">\n\t\t\t\t\t<sr7-adjuster><\/sr7-adjuster>\n\t\t\t\t\t<sr7-content>\n\t\t\t\t\t\t<sr7-slide id=\"SR7_1_1-1\" data-key=\"1\">\n\t\t\t\t\t\t\t<sr7-bg id=\"SR7_1_1-1-8\" class=\"sr7-layer\"><noscript><img decoding=\"async\" src=\"https:\/\/madereralodepablo.com.ar\/wp-content\/uploads\/2025\/09\/Banner-lo-de-pablo1.jpg\" alt=\"\" title=\"Banner lo de pablo\"><\/noscript><\/sr7-bg>\n\t\t\t\t\t\t\t<sr7-txt id=\"SR7_1_1-1-0\" class=\"sr7-layer\">maderera lo de pablo<\/sr7-txt>\n\t\t\t\t\t\t\t<sr7-txt id=\"SR7_1_1-1-1\" class=\"sr7-layer\">maderera lo de pablo<\/sr7-txt>\n\t\t\t\t\t\t\t<sr7-txt id=\"SR7_1_1-1-2\" class=\"sr7-layer\"><span class=\"zoom-this\">\u201cSoluciones a medida, tu visi\u00f3n es nuestro proyecto\u201d<\/span><\/sr7-txt>\n\t\t\t\t\t\t\t<a id=\"SR7_1_1-1-3\" class=\"sr7-layer\" href=\"https:\/\/madereralodepablo.com.ar\/index.php\/productos\/\" target=\"_self\"><div class=\"revo_slider\">\n<span>Productos<\/span>\n<i class=\"arrow_flaticon-029-right-arrow-12\"><\/i>\n<\/div><\/a>\n\t\t\t\t\t\t\t<a id=\"SR7_1_1-1-4\" class=\"sr7-layer\" href=\"https:\/\/wa.me\/2223505657\" target=\"_blank\" rel=\"nofollow noopener\"><div class=\"revo_slider\">\n<span>Whatsapp<\/span>\n<i class=\"arrow_flaticon-029-right-arrow-12\"><\/i>\n<\/div><\/a>\n\t\t\t\t\t\t\t<sr7-txt id=\"SR7_1_1-1-5\" class=\"sr7-layer\">maderera lo de pablo<\/sr7-txt>\n\t\t\t\t\t\t\t<sr7-txt id=\"SR7_1_1-1-6\" class=\"sr7-layer\"><span class=\"zoom-this\">\u201cSoluciones a medida, tu visi\u00f3n es nuestro proyecto\u201d<\/span><\/sr7-txt>\n\t\t\t\t\t\t\t<sr7-txt id=\"SR7_1_1-1-7\" class=\"sr7-layer\"><span class=\"zoom-this\">\u201cSoluciones a medida, tu visi\u00f3n es nuestro proyecto\u201d<\/span><\/sr7-txt>\n\t\t\t\t\t\t<\/sr7-slide>\n\t\t\t\t\t\t<sr7-slide id=\"SR7_1_1-20\" data-key=\"20\">\n\t\t\t\t\t\t<\/sr7-slide>\n\t\t\t\t\t<\/sr7-content>\n\t\t\t\t\t<image_lists style=\"display:none\">\n\t\t\t\t\t\t<img data-src=\"\/\/madereralodepablo.com.ar\/wp-content\/uploads\/2025\/09\/Banner-lo-de-pablo1.jpg\" data-libid=\"3323\" data-lib=\"medialibrary\" title=\"Banner lo de pablo\" width=\"0\" height=\"0\" data-dbsrc=\"Ly9tYWRlcmVyYWxvZGVwYWJsby5jb20uYXIvd3AtY29udGVudC91cGxvYWRzLzIwMjUvMDkvQmFubmVyLWxvLWRlLXBhYmxvMS5qcGc=\"\/>\n\t\t\t\t\t<\/image_lists>\n\t\t\t\t<\/sr7-module>\n\t\t\t\t<script>\n\t\t\t\t\tSR7.PMH ??={}; SR7.PMH[\"SR7_1_1\"] = {cn:100,state:false,fn: function() { if (_tpt!==undefined && _tpt.prepareModuleHeight !== undefined) {  _tpt.prepareModuleHeight({id:\"SR7_1_1\",el:[784,784,784,600,600],type:'standard',shdw:'0',gh:[784,784,784,600,600],gw:[1330,1330,1024,767,480],vpt:['-100px&#039;,&#039;-100px&#039;,&#039;-100px&#039;,&#039;-100px&#039;,&#039;-100px'],size:{fullWidth:true, fullHeight:false},mh:'0',onh:0,onw:0,bg:{color:'{\"type\":\"solid\",\"orig\":\"rgba(255, 255, 255, 0.62)\",\"string\":\"rgba(255, 255, 255, 0.62)\"}'},plType:'0',plColor:'#FFFFFF'});   SR7.PMH[\"SR7_1_1\"].state=true;} else if(SR7.PMH[\"SR7_1_1\"].cn-->0)\tsetTimeout( SR7.PMH[\"SR7_1_1\"].fn,19);}};SR7.PMH[\"SR7_1_1\" ].fn();\n\t\t\t\t<\/script>\n<\/div>\n\t\t\t\t\t\t<\/div>\n\t\t\t\t\t<\/div>\n\t\t<\/div>\n\t\t\t\t\t<\/div>\n\t\t<\/section>\n\t\t\t\t<section class=\"elementor-section elementor-top-section elementor-element elementor-element-6d5b984 elementor-section-boxed elementor-section-height-default elementor-section-height-default\" data-id=\"6d5b984\" data-element_type=\"section\">\n\t\t\t\t\t\t<div class=\"elementor-container elementor-column-gap-default\">\n\t\t\t\t\t<div class=\"elementor-column elementor-col-50 elementor-top-column elementor-element elementor-element-7d7511c\" data-id=\"7d7511c\" data-element_type=\"column\">\n\t\t\t<div class=\"elementor-widget-wrap elementor-element-populated\">\n\t\t\t\t\t\t<div class=\"elementor-element elementor-element-ab594fe elementor-widget elementor-widget-html\" data-id=\"ab594fe\" data-element_type=\"widget\" data-widget_type=\"html.default\">\n\t\t\t\t\t<!-- FORMULARIO A WHATSAPP (pegar en un widget HTML de Elementor) -->\r\n<div class=\"wa-form-wrap\" style=\"max-width:720px;margin:0 auto;font-family:system-ui,-apple-system,Segoe UI,Roboto,Arial,sans-serif;\">\r\n  <h3 style=\"margin:0 0 12px;font-size:22px;line-height:1.2;\">Contacto por WhatsApp<\/h3>\r\n  <p style=\"margin:0 0 18px;color:#444;\">Complet\u00e1 el formulario y al enviar se abrir\u00e1 WhatsApp con tu mensaje listo para enviar.<\/p>\r\n\r\n  <form id=\"waForm\" style=\"display:grid;gap:12px;\">\r\n    <div>\r\n      <label for=\"waName\" style=\"display:block;margin-bottom:6px;font-weight:600;\">Nombre y apellido *<\/label>\r\n      <input id=\"waName\" name=\"name\" type=\"text\" required\r\n             placeholder=\"Tu nombre\"\r\n             style=\"width:100%;padding:10px 12px;border:1px solid #d0d5dd;border-radius:10px;font-size:16px;\">\r\n    <\/div>\r\n\r\n    <div>\r\n      <label for=\"waPhone\" style=\"display:block;margin-bottom:6px;font-weight:600;\">Tu tel\u00e9fono (opcional)<\/label>\r\n      <input id=\"waPhone\" name=\"phone\" type=\"tel\" inputmode=\"tel\"\r\n             placeholder=\"Ej: 11 5555 5555\"\r\n             style=\"width:100%;padding:10px 12px;border:1px solid #d0d5dd;border-radius:10px;font-size:16px;\">\r\n    <\/div>\r\n\r\n    <div>\r\n      <label for=\"waMsg\" style=\"display:block;margin-bottom:6px;font-weight:600;\">Mensaje *<\/label>\r\n      <textarea id=\"waMsg\" name=\"message\" required rows=\"5\"\r\n                placeholder=\"Contanos en qu\u00e9 podemos ayudarte\u2026\"\r\n                style=\"width:100%;padding:10px 12px;border:1px solid #d0d5dd;border-radius:10px;font-size:16px;resize:vertical;\"><\/textarea>\r\n    <\/div>\r\n\r\n    <button type=\"submit\"\r\n            style=\"appearance:none;border:0;border-radius:999px;padding:12px 18px;font-size:16px;font-weight:700;cursor:pointer;background:#25D366;color:#fff;display:inline-flex;align-items:center;gap:10px;justify-content:center;\">\r\n      <!-- \u00cdcono WhatsApp -->\r\n      <svg aria-hidden=\"true\" width=\"18\" height=\"18\" viewBox=\"0 0 32 32\" fill=\"currentColor\">\r\n        <path d=\"M19.11 17.39c-.29-.14-1.68-.82-1.94-.91-.26-.1-.45-.14-.64.14-.19.29-.74.91-.9 1.1-.17.19-.33.22-.62.08-.29-.14-1.23-.45-2.34-1.43-.86-.77-1.44-1.73-1.61-2.02-.17-.29-.02-.45.13-.59.13-.13.29-.33.43-.5.14-.17.19-.29.29-.48.1-.19.05-.36-.02-.5-.07-.14-.64-1.55-.88-2.13-.23-.56-.47-.48-.64-.48-.16 0-.35-.02-.54-.02-.19 0-.5.07-.76.36-.26.29-1 1-1 2.43 0 1.43 1.03 2.81 1.18 3 .14.19 2.03 3.1 4.93 4.35.69.3 1.23.48 1.65.61.69.22 1.31.19 1.8.12.55-.08 1.68-.69 1.92-1.36.24-.67.24-1.24.17-1.36-.07-.12-.26-.19-.55-.33z\"\/>\r\n        <path d=\"M26.61 5.39A13.94 13.94 0 1 0 4.8 25.27L3 31l5.9-1.73A13.94 13.94 0 1 0 26.61 5.39zm-6.81 20.2a11.56 11.56 0 0 1-5.87-1.61l-.42-.25-3.48.99.99-3.39-.27-.44A11.58 11.58 0 1 1 19.8 25.59z\"\/>\r\n      <\/svg>\r\n      Enviar por WhatsApp\r\n    <\/button>\r\n\r\n    <small style=\"color:#666;\">Al hacer clic, se abrir\u00e1 WhatsApp Web o la app para enviar el mensaje.<\/small>\r\n  <\/form>\r\n<\/div>\r\n\r\n<script>\r\n(function () {\r\n  \/\/ N\u00famero destino fijo (Argentina): 54 + c\u00f3digo de \u00e1rea + n\u00famero (sin 0 ni 15)\r\n  const PHONE = \"542223505657\";\r\n\r\n  const form = document.getElementById(\"waForm\");\r\n  const nameEl = document.getElementById(\"waName\");\r\n  const phoneEl = document.getElementById(\"waPhone\");\r\n  const msgEl = document.getElementById(\"waMsg\");\r\n\r\n  form.addEventListener(\"submit\", function (e) {\r\n    e.preventDefault();\r\n\r\n    if (!nameEl.value.trim() || !msgEl.value.trim()) {\r\n      alert(\"Por favor, complet\u00e1 tu nombre y el mensaje.\");\r\n      return;\r\n    }\r\n\r\n    const lines = [\r\n      \"*Nuevo contacto desde la web*\",\r\n      \"Nombre: \" + nameEl.value.trim(),\r\n      phoneEl.value.trim() ? \"Tel\u00e9fono: \" + phoneEl.value.trim() : null,\r\n      \"Mensaje: \" + msgEl.value.trim(),\r\n      \"P\u00e1gina: \" + (window.location ? window.location.href : \"\")\r\n    ].filter(Boolean);\r\n\r\n    const textParam = encodeURIComponent(lines.join(\"\\n\"));\r\n    const waURL = \"https:\/\/wa.me\/\" + PHONE + \"?text=\" + textParam;\r\n\r\n    window.open(waURL, \"_blank\", \"noopener,noreferrer\");\r\n  });\r\n})();\r\n<\/script>\r\n\t\t\t\t<\/div>\n\t\t\t\t\t<\/div>\n\t\t<\/div>\n\t\t\t\t<div class=\"elementor-column elementor-col-50 elementor-top-column elementor-element elementor-element-df1e156\" data-id=\"df1e156\" data-element_type=\"column\">\n\t\t\t<div class=\"elementor-widget-wrap elementor-element-populated\">\n\t\t\t\t<div class=\"elementor-element elementor-element-3a0fdbc e-flex e-con-boxed e-con e-parent\" data-id=\"3a0fdbc\" data-element_type=\"container\">\n\t\t\t\t\t<div class=\"e-con-inner\">\n\t\t\t\t<div class=\"elementor-element elementor-element-fc11928 elementor-widget elementor-widget-google_maps\" data-id=\"fc11928\" data-element_type=\"widget\" data-widget_type=\"google_maps.default\">\n\t\t\t\t\t\t\t<div class=\"elementor-custom-embed\">\n\t\t\t<iframe loading=\"lazy\"\n\t\t\t\t\tsrc=\"https:\/\/maps.google.com\/maps?q=dr%20ruiz%201710%20magdalena&#038;t=m&#038;z=16&#038;output=embed&#038;iwloc=near\"\n\t\t\t\t\ttitle=\"dr ruiz 1710 magdalena\"\n\t\t\t\t\taria-label=\"dr ruiz 1710 magdalena\"\n\t\t\t><\/iframe>\n\t\t<\/div>\n\t\t\t\t\t\t<\/div>\n\t\t\t\t\t<\/div>\n\t\t\t\t<\/div>\n\t\t\t\t\t<\/div>\n\t\t<\/div>\n\t\t\t\t\t<\/div>\n\t\t<\/section>\n\t\t<div class=\"elementor-element elementor-element-0a00bf9 e-grid e-con-boxed e-con e-parent\" data-id=\"0a00bf9\" data-element_type=\"container\">\n\t\t\t\t\t<div class=\"e-con-inner\">\n\t\t\t\t<div class=\"elementor-element elementor-element-d58ceb7 elementor-widget elementor-widget-image\" data-id=\"d58ceb7\" data-element_type=\"widget\" data-widget_type=\"image.default\">\n\t\t\t\t\t\t\t\t\t\t\t\t\t\t\t<img fetchpriority=\"high\" decoding=\"async\" width=\"1024\" height=\"768\" src=\"https:\/\/madereralodepablo.com.ar\/wp-content\/uploads\/2025\/09\/IMG_5770-1-1024x768.jpg\" class=\"attachment-large size-large wp-image-3228\" alt=\"\" srcset=\"https:\/\/madereralodepablo.com.ar\/wp-content\/uploads\/2025\/09\/IMG_5770-1-1024x768.jpg 1024w, https:\/\/madereralodepablo.com.ar\/wp-content\/uploads\/2025\/09\/IMG_5770-1-300x225.jpg 300w, https:\/\/madereralodepablo.com.ar\/wp-content\/uploads\/2025\/09\/IMG_5770-1-768x576.jpg 768w, https:\/\/madereralodepablo.com.ar\/wp-content\/uploads\/2025\/09\/IMG_5770-1-1536x1152.jpg 1536w, https:\/\/madereralodepablo.com.ar\/wp-content\/uploads\/2025\/09\/IMG_5770-1-2048x1536.jpg 2048w, https:\/\/madereralodepablo.com.ar\/wp-content\/uploads\/2025\/09\/IMG_5770-1-640x480.jpg 640w, https:\/\/madereralodepablo.com.ar\/wp-content\/uploads\/2025\/09\/IMG_5770-1-600x450.jpg 600w\" sizes=\"(max-width: 1024px) 100vw, 1024px\" \/>\t\t\t\t\t\t\t\t\t\t\t\t\t\t\t<\/div>\n\t\t\t\t<div class=\"elementor-element elementor-element-061d1b4 elementor-widget elementor-widget-image\" data-id=\"061d1b4\" data-element_type=\"widget\" data-widget_type=\"image.default\">\n\t\t\t\t\t\t\t\t\t\t\t\t\t\t\t<img decoding=\"async\" width=\"1024\" height=\"768\" src=\"https:\/\/madereralodepablo.com.ar\/wp-content\/uploads\/2025\/09\/IMG_5757-1-1024x768.jpg\" class=\"attachment-large size-large wp-image-3227\" alt=\"\" srcset=\"https:\/\/madereralodepablo.com.ar\/wp-content\/uploads\/2025\/09\/IMG_5757-1-1024x768.jpg 1024w, https:\/\/madereralodepablo.com.ar\/wp-content\/uploads\/2025\/09\/IMG_5757-1-300x225.jpg 300w, https:\/\/madereralodepablo.com.ar\/wp-content\/uploads\/2025\/09\/IMG_5757-1-768x576.jpg 768w, https:\/\/madereralodepablo.com.ar\/wp-content\/uploads\/2025\/09\/IMG_5757-1-1536x1152.jpg 1536w, https:\/\/madereralodepablo.com.ar\/wp-content\/uploads\/2025\/09\/IMG_5757-1-2048x1536.jpg 2048w, https:\/\/madereralodepablo.com.ar\/wp-content\/uploads\/2025\/09\/IMG_5757-1-640x480.jpg 640w, https:\/\/madereralodepablo.com.ar\/wp-content\/uploads\/2025\/09\/IMG_5757-1-600x450.jpg 600w\" sizes=\"(max-width: 1024px) 100vw, 1024px\" \/>\t\t\t\t\t\t\t\t\t\t\t\t\t\t\t<\/div>\n\t\t\t\t\t<\/div>\n\t\t\t\t<\/div>\n\t\t\t\t<\/div>\n\t\t","protected":false},"excerpt":{"rendered":"<p>Contacto por WhatsApp Complet\u00e1 el formulario y al enviar se abrir\u00e1 WhatsApp con tu mensaje listo para enviar. Nombre y apellido * Tu tel\u00e9fono (opcional) Mensaje * Enviar por WhatsApp Al hacer clic, se abrir\u00e1 WhatsApp Web o la app para enviar el mensaje.<\/p>\n","protected":false},"author":1,"featured_media":0,"parent":0,"menu_order":0,"comment_status":"closed","ping_status":"closed","template":"elementor_header_footer","meta":{"footnotes":""},"class_list":["post-193","page","type-page","status-publish","hentry"],"_links":{"self":[{"href":"https:\/\/madereralodepablo.com.ar\/index.php\/wp-json\/wp\/v2\/pages\/193","targetHints":{"allow":["GET"]}}],"collection":[{"href":"https:\/\/madereralodepablo.com.ar\/index.php\/wp-json\/wp\/v2\/pages"}],"about":[{"href":"https:\/\/madereralodepablo.com.ar\/index.php\/wp-json\/wp\/v2\/types\/page"}],"author":[{"embeddable":true,"href":"https:\/\/madereralodepablo.com.ar\/index.php\/wp-json\/wp\/v2\/users\/1"}],"replies":[{"embeddable":true,"href":"https:\/\/madereralodepablo.com.ar\/index.php\/wp-json\/wp\/v2\/comments?post=193"}],"version-history":[{"count":42,"href":"https:\/\/madereralodepablo.com.ar\/index.php\/wp-json\/wp\/v2\/pages\/193\/revisions"}],"predecessor-version":[{"id":3231,"href":"https:\/\/madereralodepablo.com.ar\/index.php\/wp-json\/wp\/v2\/pages\/193\/revisions\/3231"}],"wp:attachment":[{"href":"https:\/\/madereralodepablo.com.ar\/index.php\/wp-json\/wp\/v2\/media?parent=193"}],"curies":[{"name":"wp","href":"https:\/\/api.w.org\/{rel}","templated":true}]}}