{"id":3170,"date":"2025-09-02T12:35:31","date_gmt":"2025-09-02T15:35:31","guid":{"rendered":"https:\/\/madereralodepablo.com.ar\/?page_id=3170"},"modified":"2025-09-02T18:19:26","modified_gmt":"2025-09-02T21:19:26","slug":"nosotros","status":"publish","type":"page","link":"https:\/\/madereralodepablo.com.ar\/index.php\/nosotros\/","title":{"rendered":"Nosotros"},"content":{"rendered":"\t\t<div data-elementor-type=\"wp-post\" data-elementor-id=\"3170\" class=\"elementor elementor-3170\">\n\t\t\t\t\t\t<section class=\"elementor-section elementor-top-section elementor-element elementor-element-77df163 elementor-section-full_width elementor-section-height-full elementor-section-content-middle elementor-section-stretched elementor-section-height-default elementor-section-items-middle\" data-id=\"77df163\" data-element_type=\"section\" data-settings=\"{&quot;stretch_section&quot;:&quot;section-stretched&quot;}\">\n\t\t\t\t\t\t<div class=\"elementor-container elementor-column-gap-no\">\n\t\t\t\t\t<div class=\"elementor-column elementor-col-100 elementor-top-column elementor-element elementor-element-7ccf53a\" data-id=\"7ccf53a\" data-element_type=\"column\">\n\t\t\t<div class=\"elementor-widget-wrap elementor-element-populated\">\n\t\t\t\t\t\t<div class=\"elementor-element elementor-element-ed32b7c elementor-widget elementor-widget-shortcode\" data-id=\"ed32b7c\" data-element_type=\"widget\" data-widget_type=\"shortcode.default\">\n\t\t\t\t\t\t\t<div class=\"elementor-shortcode\">\n\t\t\t\t<p class=\"rs-p-wp-fix\"><\/p>\n\t\t\t\t<sr7-module data-alias=\"home-1\" data-id=\"1\" id=\"SR7_1_1\" class=\"rs-ov-hidden\" data-version=\"6.7.28\">\n\t\t\t\t\t<sr7-adjuster><\/sr7-adjuster>\n\t\t\t\t\t<sr7-content>\n\t\t\t\t\t\t<sr7-slide id=\"SR7_1_1-1\" data-key=\"1\">\n\t\t\t\t\t\t\t<sr7-bg id=\"SR7_1_1-1-8\" class=\"sr7-layer\"><noscript><img decoding=\"async\" src=\"https:\/\/madereralodepablo.com.ar\/wp-content\/uploads\/2025\/09\/Banner-lo-de-pablo1.jpg\" alt=\"\" title=\"Banner lo de pablo\"><\/noscript><\/sr7-bg>\n\t\t\t\t\t\t\t<sr7-txt id=\"SR7_1_1-1-0\" class=\"sr7-layer\">maderera lo de pablo<\/sr7-txt>\n\t\t\t\t\t\t\t<sr7-txt id=\"SR7_1_1-1-1\" class=\"sr7-layer\">maderera lo de pablo<\/sr7-txt>\n\t\t\t\t\t\t\t<sr7-txt id=\"SR7_1_1-1-2\" class=\"sr7-layer\"><span class=\"zoom-this\">\u201cSoluciones a medida, tu visi\u00f3n es nuestro proyecto\u201d<\/span><\/sr7-txt>\n\t\t\t\t\t\t\t<a id=\"SR7_1_1-1-3\" class=\"sr7-layer\" href=\"https:\/\/madereralodepablo.com.ar\/index.php\/productos\/\" target=\"_self\"><div class=\"revo_slider\">\n<span>Productos<\/span>\n<i class=\"arrow_flaticon-029-right-arrow-12\"><\/i>\n<\/div><\/a>\n\t\t\t\t\t\t\t<a id=\"SR7_1_1-1-4\" class=\"sr7-layer\" href=\"https:\/\/wa.me\/2223505657\" target=\"_blank\" rel=\"nofollow noopener\"><div class=\"revo_slider\">\n<span>Whatsapp<\/span>\n<i class=\"arrow_flaticon-029-right-arrow-12\"><\/i>\n<\/div><\/a>\n\t\t\t\t\t\t\t<sr7-txt id=\"SR7_1_1-1-5\" class=\"sr7-layer\">maderera lo de pablo<\/sr7-txt>\n\t\t\t\t\t\t\t<sr7-txt id=\"SR7_1_1-1-6\" class=\"sr7-layer\"><span class=\"zoom-this\">\u201cSoluciones a medida, tu visi\u00f3n es nuestro proyecto\u201d<\/span><\/sr7-txt>\n\t\t\t\t\t\t\t<sr7-txt id=\"SR7_1_1-1-7\" class=\"sr7-layer\"><span class=\"zoom-this\">\u201cSoluciones a medida, tu visi\u00f3n es nuestro proyecto\u201d<\/span><\/sr7-txt>\n\t\t\t\t\t\t<\/sr7-slide>\n\t\t\t\t\t\t<sr7-slide id=\"SR7_1_1-20\" data-key=\"20\">\n\t\t\t\t\t\t<\/sr7-slide>\n\t\t\t\t\t<\/sr7-content>\n\t\t\t\t\t<image_lists style=\"display:none\">\n\t\t\t\t\t\t<img data-src=\"\/\/madereralodepablo.com.ar\/wp-content\/uploads\/2025\/09\/Banner-lo-de-pablo1.jpg\" data-libid=\"3323\" data-lib=\"medialibrary\" title=\"Banner lo de pablo\" width=\"0\" height=\"0\" data-dbsrc=\"Ly9tYWRlcmVyYWxvZGVwYWJsby5jb20uYXIvd3AtY29udGVudC91cGxvYWRzLzIwMjUvMDkvQmFubmVyLWxvLWRlLXBhYmxvMS5qcGc=\"\/>\n\t\t\t\t\t<\/image_lists>\n\t\t\t\t<\/sr7-module>\n\t\t\t\t<script>\n\t\t\t\t\tSR7.PMH ??={}; SR7.PMH[\"SR7_1_1\"] = {cn:100,state:false,fn: function() { if (_tpt!==undefined && _tpt.prepareModuleHeight !== undefined) {  _tpt.prepareModuleHeight({id:\"SR7_1_1\",el:[784,784,784,600,600],type:'standard',shdw:'0',gh:[784,784,784,600,600],gw:[1330,1330,1024,767,480],vpt:['-100px&#039;,&#039;-100px&#039;,&#039;-100px&#039;,&#039;-100px&#039;,&#039;-100px'],size:{fullWidth:true, fullHeight:false},mh:'0',onh:0,onw:0,bg:{color:'{\"type\":\"solid\",\"orig\":\"rgba(255, 255, 255, 0.62)\",\"string\":\"rgba(255, 255, 255, 0.62)\"}'},plType:'0',plColor:'#FFFFFF'});   SR7.PMH[\"SR7_1_1\"].state=true;} else if(SR7.PMH[\"SR7_1_1\"].cn-->0)\tsetTimeout( SR7.PMH[\"SR7_1_1\"].fn,19);}};SR7.PMH[\"SR7_1_1\" ].fn();\n\t\t\t\t<\/script>\n<\/div>\n\t\t\t\t\t\t<\/div>\n\t\t\t\t\t<\/div>\n\t\t<\/div>\n\t\t\t\t\t<\/div>\n\t\t<\/section>\n\t\t\t\t<section class=\"elementor-section elementor-top-section elementor-element elementor-element-c6459d7 elementor-section-boxed elementor-section-height-default elementor-section-height-default\" data-id=\"c6459d7\" data-element_type=\"section\">\n\t\t\t\t\t\t<div class=\"elementor-container elementor-column-gap-default\">\n\t\t\t\t\t<div class=\"elementor-column elementor-col-100 elementor-top-column elementor-element elementor-element-3c76500\" data-id=\"3c76500\" data-element_type=\"column\">\n\t\t\t<div class=\"elementor-widget-wrap elementor-element-populated\">\n\t\t\t\t\t\t<div class=\"elementor-element elementor-element-f040141 elementor-widget elementor-widget-ova_heading\" data-id=\"f040141\" data-element_type=\"widget\" data-widget_type=\"ova_heading.default\">\n\t\t\t\t<div class=\"elementor-widget-container\">\n\t\t\t\t\t\t\t<div class=\"ova-heading\">\n\t\t\t\t\t\t\t<h4 class=\"sub-title second_font\"><span><\/span>Nosotros<\/h4>\n\t\t\t\t\t\t\n\t\t\t\t\t\t\t<div class=\"desc\"><p data-start=\"263\" data-end=\"523\"><strong data-start=\"263\" data-end=\"287\">Maderera Lo de Pablo<\/strong> es una empresa local con ra\u00edces profundas en la ciudad de <strong data-start=\"346\" data-end=\"386\">Magdalena, Provincia de Buenos Aires<\/strong>, dedicada desde sus inicios a brindar soluciones confiables y de calidad en madera, chapas, perfiles y productos para la construcci\u00f3n.<\/p><p data-start=\"525\" data-end=\"922\">Nuestro local, ubicado en <strong data-start=\"551\" data-end=\"577\">Dr. Ezequiel Ru\u00edz 1710<\/strong>, es un punto de referencia en la zona. Con su caracter\u00edstico <strong data-start=\"639\" data-end=\"655\">cartel verde<\/strong> que lleva la frase <strong data-start=\"675\" data-end=\"699\">\u201cTodo para tu techo\u201d<\/strong> y nuestro n\u00famero de contacto siempre visible <strong data-start=\"745\" data-end=\"764\">(2223) 50-5657<\/strong>, nos posicionamos como un espacio donde la tradici\u00f3n, el compromiso y la atenci\u00f3n personalizada se combinan para acompa\u00f1ar a cada cliente en sus proyectos.<\/p><h3 data-start=\"924\" data-end=\"952\">Filosof\u00eda y compromiso<\/h3><p data-start=\"953\" data-end=\"1485\">En Maderera Lo de Pablo creemos que cada obra, cada refacci\u00f3n y cada idea merece un acompa\u00f1amiento a la altura. Nuestra filosof\u00eda se resume en la frase:<br data-start=\"1105\" data-end=\"1108\" \/><strong data-start=\"1108\" data-end=\"1156\">\u201cTu visi\u00f3n se convierte en nuestro proyecto\u201d<\/strong>.<br data-start=\"1157\" data-end=\"1160\" \/>Esto significa que no vendemos simplemente madera o materiales; ofrecemos <strong data-start=\"1234\" data-end=\"1308\">asesoramiento, soluciones a medida y un compromiso real con la calidad<\/strong> en cada producto que entregamos. Nos destacamos por la <strong data-start=\"1364\" data-end=\"1392\">excelencia en cada tarea<\/strong>, porque sabemos que de nosotros depende parte del \u00e9xito y la seguridad de tu construcci\u00f3n.<\/p><h3 data-start=\"1487\" data-end=\"1514\">Productos y servicios<\/h3><p data-start=\"1515\" data-end=\"1624\">Nuestro cat\u00e1logo abarca una amplia variedad de materiales esenciales para la construcci\u00f3n y la carpinter\u00eda:<\/p><ul data-start=\"1626\" data-end=\"2022\"><li data-start=\"1626\" data-end=\"1679\"><p data-start=\"1628\" data-end=\"1679\"><strong data-start=\"1628\" data-end=\"1657\">Maderas para construcci\u00f3n<\/strong> de primera calidad.<\/p><\/li><li data-start=\"1680\" data-end=\"1746\"><p data-start=\"1682\" data-end=\"1746\"><strong data-start=\"1682\" data-end=\"1717\">Chapas y perfiles prefabricados<\/strong>, resistentes y vers\u00e1tiles.<\/p><\/li><li data-start=\"1747\" data-end=\"1833\"><p data-start=\"1749\" data-end=\"1833\"><strong data-start=\"1749\" data-end=\"1804\">Machimbres, tirantes, vigas, entretechos y puntales<\/strong> para techos y estructuras.<\/p><\/li><li data-start=\"1834\" data-end=\"1898\"><p data-start=\"1836\" data-end=\"1898\"><strong data-start=\"1836\" data-end=\"1860\">Tableros fibro-f\u00e1cil<\/strong> y otros insumos para terminaciones.<\/p><\/li><li data-start=\"1899\" data-end=\"2022\"><p data-start=\"1901\" data-end=\"2022\"><strong data-start=\"1901\" data-end=\"1949\">Trabajos personalizados y proyectos a medida<\/strong>, con cortes y dimensiones adaptadas a las necesidades de cada cliente.<\/p><\/li><\/ul><p data-start=\"2024\" data-end=\"2172\">Cada producto se entrega con el respaldo de nuestra experiencia y con la garant\u00eda de un <strong data-start=\"2112\" data-end=\"2132\">stock permanente<\/strong> que asegura disponibilidad inmediata.<\/p><p data-start=\"3156\" data-end=\"3538\">Si bien actualmente no contamos con redes sociales oficiales, tenemos presencia en directorios como El Portal de Magdalena, Magdalena Informa, la Region Capital, El Portal de La Plata, Berisso Informa y El Espectador, lo que permite que nuevos clientes nos descubran f\u00e1cilmente. No obstante, nuestra mejor publicidad sigue siendo el <strong data-start=\"3419\" data-end=\"3434\">boca a boca<\/strong>: la recomendaci\u00f3n de quienes ya confiaron en nosotros para sus techos, ampliaciones y construcciones.<\/p><h3 data-start=\"3540\" data-end=\"3576\">Nuestra visi\u00f3n hacia el futuro<\/h3><p data-start=\"3577\" data-end=\"3875\">El objetivo de <strong data-start=\"3592\" data-end=\"3616\">Maderera Lo de Pablo<\/strong> es continuar creciendo junto a la comunidad de Magdalena y zonas cercanas, ampliando nuestra oferta de productos, fortaleciendo nuestra presencia digital y consolid\u00e1ndonos como la maderera de confianza que acompa\u00f1a a cada familia, constructor y arquitecto.<\/p><h3 data-start=\"4241\" data-end=\"4273\">Nuestro compromiso con vos<\/h3><p data-start=\"4274\" data-end=\"4336\">Cuando nos elijas, vas a encontrar mucho m\u00e1s que materiales:<\/p><ul data-start=\"4337\" data-end=\"4531\"><li data-start=\"4337\" data-end=\"4391\"><p data-start=\"4339\" data-end=\"4391\"><strong data-start=\"4339\" data-end=\"4373\">Asesoramiento t\u00e9cnico y humano<\/strong> en cada compra.<\/p><\/li><li data-start=\"4392\" data-end=\"4433\"><p data-start=\"4394\" data-end=\"4433\"><strong data-start=\"4394\" data-end=\"4430\">Soluciones confiables y a medida<\/strong>.<\/p><\/li><li data-start=\"4434\" data-end=\"4479\"><p data-start=\"4436\" data-end=\"4479\"><strong data-start=\"4436\" data-end=\"4460\">Precios competitivos<\/strong> en toda la zona.<\/p><\/li><li data-start=\"4480\" data-end=\"4531\"><p data-start=\"4482\" data-end=\"4531\"><strong data-start=\"4482\" data-end=\"4528\">Entrega inmediata y atenci\u00f3n personalizada<\/strong>.<\/p><\/li><\/ul><p data-start=\"4533\" data-end=\"4819\">En <strong data-start=\"4536\" data-end=\"4560\">Maderera Lo de Pablo<\/strong> sabemos que detr\u00e1s de cada pedido hay un sue\u00f1o, un proyecto o una necesidad concreta. Por eso, nuestro trabajo no termina al entregar un producto: empieza en el momento en que nos cont\u00e1s tu idea y nos aseguramos de que encuentres exactamente lo que busc\u00e1s.<\/p><hr data-start=\"4821\" data-end=\"4826\" \/><p data-start=\"4828\" data-end=\"5001\">\ud83d\udccd <strong data-start=\"4831\" data-end=\"4845\">Direcci\u00f3n:<\/strong> Dr. Ezequiel Ru\u00edz 1710, Magdalena, Buenos Aires<br data-start=\"4893\" data-end=\"4896\" \/>\ud83d\udcde <strong data-start=\"4899\" data-end=\"4912\">Tel\u00e9fono:<\/strong> <strong data-start=\"745\" data-end=\"764\">(2223) 50-5657<\/strong><br data-start=\"4928\" data-end=\"4931\" \/>\ud83d\udd57 <strong data-start=\"4934\" data-end=\"4947\">Horarios:<\/strong> Lun\u2013Vie 08:00\u201312:00 \/ 14:00\u201318:00 \u00b7 S\u00e1b 08:00\u201312:00<\/p><\/div>\n\t\t\t\t\t\t\t\t<\/div>\n\t\t\t\t\t\t<\/div>\n\t\t\t\t<\/div>\n\t\t\t\t\t<\/div>\n\t\t<\/div>\n\t\t\t\t\t<\/div>\n\t\t<\/section>\n\t\t\t\t<section class=\"elementor-section elementor-top-section elementor-element elementor-element-08d6198 elementor-section-boxed elementor-section-height-default elementor-section-height-default\" data-id=\"08d6198\" data-element_type=\"section\" data-settings=\"{&quot;background_background&quot;:&quot;classic&quot;}\">\n\t\t\t\t\t\t\t<div class=\"elementor-background-overlay\"><\/div>\n\t\t\t\t\t\t\t<div class=\"elementor-container elementor-column-gap-default\">\n\t\t\t\t\t<div class=\"elementor-column elementor-col-25 elementor-top-column elementor-element elementor-element-252cbf8\" data-id=\"252cbf8\" data-element_type=\"column\">\n\t\t\t<div class=\"elementor-widget-wrap elementor-element-populated\">\n\t\t\t\t\t\t<section class=\"elementor-section elementor-inner-section elementor-element elementor-element-489842c elementor-section-boxed elementor-section-height-default elementor-section-height-default\" data-id=\"489842c\" data-element_type=\"section\">\n\t\t\t\t\t\t<div class=\"elementor-container elementor-column-gap-default\">\n\t\t\t\t\t<div class=\"elementor-column elementor-col-50 elementor-inner-column elementor-element elementor-element-d3f39f7\" data-id=\"d3f39f7\" data-element_type=\"column\">\n\t\t\t<div class=\"elementor-widget-wrap elementor-element-populated\">\n\t\t\t\t\t\t<div class=\"elementor-element elementor-element-fea388c elementor-widget elementor-widget-ova_icon_counter\" data-id=\"fea388c\" data-element_type=\"widget\" data-widget_type=\"ova_icon_counter.default\">\n\t\t\t\t<div class=\"elementor-widget-container\">\n\t\t\t\t\t\t\t<div class=\"ova-icon-counter\">\n\t\t\t<i class=\"motivation_flaticon-039-positive\"><\/i>\n\t\t<\/div>\n\t\t\t\t\t\t<\/div>\n\t\t\t\t<\/div>\n\t\t\t\t\t<\/div>\n\t\t<\/div>\n\t\t\t\t<div class=\"elementor-column elementor-col-50 elementor-inner-column elementor-element elementor-element-2568b41\" data-id=\"2568b41\" data-element_type=\"column\">\n\t\t\t<div class=\"elementor-widget-wrap elementor-element-populated\">\n\t\t\t\t\t\t<div class=\"elementor-element elementor-element-052c27b elementor-widget elementor-widget-heading\" data-id=\"052c27b\" data-element_type=\"widget\" data-widget_type=\"heading.default\">\n\t\t\t\t\t<h3 class=\"elementor-heading-title elementor-size-default\">Con vos hace<\/h3>\t\t\t\t<\/div>\n\t\t\t\t<div class=\"elementor-element elementor-element-9766a76 ova-constrau-counter-1 elementor-widget elementor-widget-counter\" data-id=\"9766a76\" data-element_type=\"widget\" data-widget_type=\"counter.default\">\n\t\t\t\t\t\t\t<div class=\"elementor-counter\">\n\t\t\t<div class=\"elementor-counter-title\">a\u00f1os de experiencia<\/div>\t\t\t<div class=\"elementor-counter-number-wrapper\">\n\t\t\t\t<span class=\"elementor-counter-number-prefix\"><\/span>\n\t\t\t\t<span class=\"elementor-counter-number\" data-duration=\"4000\" data-to-value=\"30\" data-from-value=\"0\">0<\/span>\n\t\t\t\t<span class=\"elementor-counter-number-suffix\"><\/span>\n\t\t\t<\/div>\n\t\t<\/div>\n\t\t\t\t\t\t<\/div>\n\t\t\t\t\t<\/div>\n\t\t<\/div>\n\t\t\t\t\t<\/div>\n\t\t<\/section>\n\t\t\t\t\t<\/div>\n\t\t<\/div>\n\t\t\t\t<div class=\"elementor-column elementor-col-25 elementor-top-column elementor-element elementor-element-5edffb9\" data-id=\"5edffb9\" data-element_type=\"column\">\n\t\t\t<div class=\"elementor-widget-wrap elementor-element-populated\">\n\t\t\t\t\t\t<section class=\"elementor-section elementor-inner-section elementor-element elementor-element-b3c69ef elementor-section-boxed elementor-section-height-default elementor-section-height-default\" data-id=\"b3c69ef\" data-element_type=\"section\">\n\t\t\t\t\t\t<div class=\"elementor-container elementor-column-gap-default\">\n\t\t\t\t\t<div class=\"elementor-column elementor-col-50 elementor-inner-column elementor-element elementor-element-107ee7f\" data-id=\"107ee7f\" data-element_type=\"column\">\n\t\t\t<div class=\"elementor-widget-wrap elementor-element-populated\">\n\t\t\t\t\t\t<div class=\"elementor-element elementor-element-0f8b935 elementor-widget elementor-widget-ova_icon_counter\" data-id=\"0f8b935\" data-element_type=\"widget\" data-widget_type=\"ova_icon_counter.default\">\n\t\t\t\t<div class=\"elementor-widget-container\">\n\t\t\t\t\t\t\t<div class=\"ova-icon-counter\">\n\t\t\t<i class=\"motivation_flaticon-046-growth\"><\/i>\n\t\t<\/div>\n\t\t\t\t\t\t<\/div>\n\t\t\t\t<\/div>\n\t\t\t\t\t<\/div>\n\t\t<\/div>\n\t\t\t\t<div class=\"elementor-column elementor-col-50 elementor-inner-column elementor-element elementor-element-9312da8\" data-id=\"9312da8\" data-element_type=\"column\">\n\t\t\t<div class=\"elementor-widget-wrap elementor-element-populated\">\n\t\t\t\t\t\t<div class=\"elementor-element elementor-element-0008ed3 elementor-widget elementor-widget-heading\" data-id=\"0008ed3\" data-element_type=\"widget\" data-widget_type=\"heading.default\">\n\t\t\t\t\t<h3 class=\"elementor-heading-title elementor-size-default\">Crecimiento <\/h3>\t\t\t\t<\/div>\n\t\t\t\t<div class=\"elementor-element elementor-element-63f189e ova-constrau-counter-1 elementor-widget elementor-widget-counter\" data-id=\"63f189e\" data-element_type=\"widget\" data-widget_type=\"counter.default\">\n\t\t\t\t\t\t\t<div class=\"elementor-counter\">\n\t\t\t<div class=\"elementor-counter-title\">Anual<\/div>\t\t\t<div class=\"elementor-counter-number-wrapper\">\n\t\t\t\t<span class=\"elementor-counter-number-prefix\"><\/span>\n\t\t\t\t<span class=\"elementor-counter-number\" data-duration=\"4000\" data-to-value=\"260\" data-from-value=\"0\">0<\/span>\n\t\t\t\t<span class=\"elementor-counter-number-suffix\">%<\/span>\n\t\t\t<\/div>\n\t\t<\/div>\n\t\t\t\t\t\t<\/div>\n\t\t\t\t\t<\/div>\n\t\t<\/div>\n\t\t\t\t\t<\/div>\n\t\t<\/section>\n\t\t\t\t\t<\/div>\n\t\t<\/div>\n\t\t\t\t<div class=\"elementor-column elementor-col-25 elementor-top-column elementor-element elementor-element-4e00085\" data-id=\"4e00085\" data-element_type=\"column\">\n\t\t\t<div class=\"elementor-widget-wrap elementor-element-populated\">\n\t\t\t\t\t\t<section class=\"elementor-section elementor-inner-section elementor-element elementor-element-720ee8b elementor-section-boxed elementor-section-height-default elementor-section-height-default\" data-id=\"720ee8b\" data-element_type=\"section\">\n\t\t\t\t\t\t<div class=\"elementor-container elementor-column-gap-default\">\n\t\t\t\t\t<div class=\"elementor-column elementor-col-50 elementor-inner-column elementor-element elementor-element-74673e9\" data-id=\"74673e9\" data-element_type=\"column\">\n\t\t\t<div class=\"elementor-widget-wrap elementor-element-populated\">\n\t\t\t\t\t\t<div class=\"elementor-element elementor-element-77140ce elementor-widget elementor-widget-ova_icon_counter\" data-id=\"77140ce\" data-element_type=\"widget\" data-widget_type=\"ova_icon_counter.default\">\n\t\t\t\t<div class=\"elementor-widget-container\">\n\t\t\t\t\t\t\t<div class=\"ova-icon-counter\">\n\t\t\t<i class=\"motivation_flaticon-009-smile\"><\/i>\n\t\t<\/div>\n\t\t\t\t\t\t<\/div>\n\t\t\t\t<\/div>\n\t\t\t\t\t<\/div>\n\t\t<\/div>\n\t\t\t\t<div class=\"elementor-column elementor-col-50 elementor-inner-column elementor-element elementor-element-2d7ede5\" data-id=\"2d7ede5\" data-element_type=\"column\">\n\t\t\t<div class=\"elementor-widget-wrap elementor-element-populated\">\n\t\t\t\t\t\t<div class=\"elementor-element elementor-element-50edf01 elementor-widget elementor-widget-heading\" data-id=\"50edf01\" data-element_type=\"widget\" data-widget_type=\"heading.default\">\n\t\t\t\t\t<h3 class=\"elementor-heading-title elementor-size-default\">En 30 a\u00f1os<\/h3>\t\t\t\t<\/div>\n\t\t\t\t<div class=\"elementor-element elementor-element-ad9e69a ova-constrau-counter-1 elementor-widget elementor-widget-counter\" data-id=\"ad9e69a\" data-element_type=\"widget\" data-widget_type=\"counter.default\">\n\t\t\t\t\t\t\t<div class=\"elementor-counter\">\n\t\t\t<div class=\"elementor-counter-title\">Clientes satisfechos<\/div>\t\t\t<div class=\"elementor-counter-number-wrapper\">\n\t\t\t\t<span class=\"elementor-counter-number-prefix\"><\/span>\n\t\t\t\t<span class=\"elementor-counter-number\" data-duration=\"4000\" data-to-value=\"10000\" data-from-value=\"0\">0<\/span>\n\t\t\t\t<span class=\"elementor-counter-number-suffix\"><\/span>\n\t\t\t<\/div>\n\t\t<\/div>\n\t\t\t\t\t\t<\/div>\n\t\t\t\t\t<\/div>\n\t\t<\/div>\n\t\t\t\t\t<\/div>\n\t\t<\/section>\n\t\t\t\t\t<\/div>\n\t\t<\/div>\n\t\t\t\t<div class=\"elementor-column elementor-col-25 elementor-top-column elementor-element elementor-element-5417955\" data-id=\"5417955\" data-element_type=\"column\">\n\t\t\t<div class=\"elementor-widget-wrap elementor-element-populated\">\n\t\t\t\t\t\t<section class=\"elementor-section elementor-inner-section elementor-element elementor-element-7f28b10 elementor-section-boxed elementor-section-height-default elementor-section-height-default\" data-id=\"7f28b10\" data-element_type=\"section\">\n\t\t\t\t\t\t<div class=\"elementor-container elementor-column-gap-default\">\n\t\t\t\t\t<div class=\"elementor-column elementor-col-50 elementor-inner-column elementor-element elementor-element-8281535\" data-id=\"8281535\" data-element_type=\"column\">\n\t\t\t<div class=\"elementor-widget-wrap elementor-element-populated\">\n\t\t\t\t\t\t<div class=\"elementor-element elementor-element-06da4ff elementor-widget elementor-widget-ova_icon_counter\" data-id=\"06da4ff\" data-element_type=\"widget\" data-widget_type=\"ova_icon_counter.default\">\n\t\t\t\t<div class=\"elementor-widget-container\">\n\t\t\t\t\t\t\t<div class=\"ova-icon-counter\">\n\t\t\t<i class=\"motivation_flaticon-001-fist\"><\/i>\n\t\t<\/div>\n\t\t\t\t\t\t<\/div>\n\t\t\t\t<\/div>\n\t\t\t\t\t<\/div>\n\t\t<\/div>\n\t\t\t\t<div class=\"elementor-column elementor-col-50 elementor-inner-column elementor-element elementor-element-e7ab04c\" data-id=\"e7ab04c\" data-element_type=\"column\">\n\t\t\t<div class=\"elementor-widget-wrap elementor-element-populated\">\n\t\t\t\t\t\t<div class=\"elementor-element elementor-element-f25cfe2 elementor-widget elementor-widget-heading\" data-id=\"f25cfe2\" data-element_type=\"widget\" data-widget_type=\"heading.default\">\n\t\t\t\t\t<h3 class=\"elementor-heading-title elementor-size-default\">Proyectos<\/h3>\t\t\t\t<\/div>\n\t\t\t\t<div class=\"elementor-element elementor-element-d25ef98 ova-constrau-counter-1 elementor-widget elementor-widget-counter\" data-id=\"d25ef98\" data-element_type=\"widget\" data-widget_type=\"counter.default\">\n\t\t\t\t\t\t\t<div class=\"elementor-counter\">\n\t\t\t<div class=\"elementor-counter-title\">anuales<\/div>\t\t\t<div class=\"elementor-counter-number-wrapper\">\n\t\t\t\t<span class=\"elementor-counter-number-prefix\"><\/span>\n\t\t\t\t<span class=\"elementor-counter-number\" data-duration=\"4000\" data-to-value=\"3000\" data-from-value=\"0\">0<\/span>\n\t\t\t\t<span class=\"elementor-counter-number-suffix\"><\/span>\n\t\t\t<\/div>\n\t\t<\/div>\n\t\t\t\t\t\t<\/div>\n\t\t\t\t\t<\/div>\n\t\t<\/div>\n\t\t\t\t\t<\/div>\n\t\t<\/section>\n\t\t\t\t\t<\/div>\n\t\t<\/div>\n\t\t\t\t\t<\/div>\n\t\t<\/section>\n\t\t\t\t<\/div>\n\t\t","protected":false},"excerpt":{"rendered":"<p>Nosotros Maderera Lo de Pablo es una empresa local con ra\u00edces profundas en la ciudad de Magdalena, Provincia de Buenos Aires, dedicada desde sus inicios a brindar soluciones confiables y de calidad en madera, chapas, perfiles y productos para la construcci\u00f3n. Nuestro local, ubicado en Dr. Ezequiel Ru\u00edz 1710, es un punto de referencia en [&hellip;]<\/p>\n","protected":false},"author":1,"featured_media":0,"parent":0,"menu_order":0,"comment_status":"closed","ping_status":"closed","template":"elementor_header_footer","meta":{"footnotes":""},"class_list":["post-3170","page","type-page","status-publish","hentry"],"_links":{"self":[{"href":"https:\/\/madereralodepablo.com.ar\/index.php\/wp-json\/wp\/v2\/pages\/3170","targetHints":{"allow":["GET"]}}],"collection":[{"href":"https:\/\/madereralodepablo.com.ar\/index.php\/wp-json\/wp\/v2\/pages"}],"about":[{"href":"https:\/\/madereralodepablo.com.ar\/index.php\/wp-json\/wp\/v2\/types\/page"}],"author":[{"embeddable":true,"href":"https:\/\/madereralodepablo.com.ar\/index.php\/wp-json\/wp\/v2\/users\/1"}],"replies":[{"embeddable":true,"href":"https:\/\/madereralodepablo.com.ar\/index.php\/wp-json\/wp\/v2\/comments?post=3170"}],"version-history":[{"count":11,"href":"https:\/\/madereralodepablo.com.ar\/index.php\/wp-json\/wp\/v2\/pages\/3170\/revisions"}],"predecessor-version":[{"id":3285,"href":"https:\/\/madereralodepablo.com.ar\/index.php\/wp-json\/wp\/v2\/pages\/3170\/revisions\/3285"}],"wp:attachment":[{"href":"https:\/\/madereralodepablo.com.ar\/index.php\/wp-json\/wp\/v2\/media?parent=3170"}],"curies":[{"name":"wp","href":"https:\/\/api.w.org\/{rel}","templated":true}]}}